{"id":6,"date":"2023-06-30T08:02:46","date_gmt":"2023-06-30T06:02:46","guid":{"rendered":"https:\/\/asp-varha-vara.azurewebsites.net\/?page_id=6"},"modified":"2025-11-19T13:01:09","modified_gmt":"2025-11-19T11:01:09","slug":"etusivu","status":"publish","type":"page","link":"https:\/\/vara.varha.fi\/fi\/","title":{"rendered":""},"content":{"rendered":"\n<p><strong>T\u00e4m\u00e4 on Varsinais-Suomen hyvinvointialueen (Varha) varasivusto. Ohjaamme liikenteen t\u00e4nne huoltotoimenpiteiden ajaksi, tai kun varsinainen sivustomme ei jostain syyst\u00e4 toimi.<\/strong><\/p>\n\n\n\n<div class=\"wp-block-group\"><div class=\"wp-block-group__inner-container is-layout-constrained wp-block-group-is-layout-constrained\">\n<h2 class=\"wp-block-heading\">Varhan puhelinvaihteet<\/h2>\n\n\n\n<ul class=\"wp-block-list\">\n<li>Sote-palveluiden vaihde (Turku), p. 02 266 0000<\/li>\n\n\n\n<li>Sote-palveluiden vaihde (Naantali), p. 02 436 2611<\/li>\n\n\n\n<li>Sote-palveluiden vaihde (muut alueet), p. 02 772 3111<\/li>\n\n\n\n<li>Tyks-sairaalapalveluiden vaihde, p. 02 313 0000<\/li>\n\n\n\n<li>Pelastuslaitoksen vaihde, p. 02 263 3111<\/li>\n<\/ul>\n<\/div><\/div>\n\n\n\n<h2 class=\"wp-block-heading\">Sote- ja ik\u00e4\u00e4ntyneiden palveluiden toimipisteiden yhteystiedot (suomi.fi)<\/h2>\n\n\n\n<p><a href=\"https:\/\/www.suomi.fi\/organisaatio\/varsinais-suomen-hyvinvointialue\/d9e62e20-676d-4056-806a-6be2edce972d\" target=\"_blank\" rel=\"noreferrer noopener\">Sote- ja ik\u00e4\u00e4ntyneiden palveluiden toimipisteiden yhteystiedot l\u00f6yd\u00e4t h\u00e4iri\u00f6n aikana Suomi.fi-sivustolta<\/a>.<\/p>\n\n\n\n<div class=\"wp-block-group\"><div class=\"wp-block-group__inner-container is-layout-constrained wp-block-group-is-layout-constrained\">\n<h2 class=\"wp-block-heading\">Ik\u00e4\u00e4ntyneiden palveluiden asiakasohjauspuhelin<\/h2>\n\n\n\n<ul class=\"wp-block-list\">\n<li>suomeksi p. 02 262 6164 (ma\u2013pe klo 9\u201315)<\/li>\n\n\n\n<li>ruotsiksi p. 02 262 6174 (ma\u2013pe klo 9\u201315)<\/li>\n<\/ul>\n<\/div><\/div>\n\n\n\n<h2 class=\"wp-block-heading\">Asiakas- ja palveluohjaus Soihtu \u2013 sosiaalihuollon neuvonta, ohjaus ja palvelutarpeen arviointi<\/h2>\n\n\n\n<p>Soihtu-tiimit palvelevat arkisin klo 9\u201315. Ik\u00e4\u00e4ntyneiden palveluiden osalta yhteydenotot Varsinais-Suomen ik\u00e4\u00e4ntyneiden keskitettyjen asiakasohjausnumeroiden kautta.<\/p>\n\n\n\n<p>p. 02 313 9494<\/p>\n\n\n\n<h2 class=\"wp-block-heading\">Lastensuojelu- ja huoli-ilmoitukset<\/h2>\n\n\n\n<ul class=\"wp-block-list\">\n<li>Virka-aikana klo 9\u201315 oman alueen Soihtu-tiimin kautta (numerot yll\u00e4)<\/li>\n\n\n\n<li>Virka-ajan ulkopuolella sosiaali- ja kriisip\u00e4ivystyksen kautta (numero alempana t\u00e4ll\u00e4 sivulla)<\/li>\n<\/ul>\n\n\n\n<p>Kiireellisess\u00e4 tapauksessa ota v\u00e4litt\u00f6m\u00e4sti yhteytt\u00e4 sosiaalip\u00e4ivystykseen, esimerkiksi silloin kun ep\u00e4ilet lapsen pahoinpitely\u00e4, lapsi on \u00e4killisesti ilman huoltajaa tai huoltaja on p\u00e4ihtynyt.<\/p>\n\n\n\n<div class=\"wp-block-group\"><div class=\"wp-block-group__inner-container is-layout-constrained wp-block-group-is-layout-constrained\">\n<h2 class=\"wp-block-heading\">S\u00e4hk\u00f6iset palvelut<\/h2>\n\n\n\n<ul class=\"wp-block-list\">\n<li><a href=\"https:\/\/digi.varha.fi\/fi\/authentication\" data-type=\"link\" data-id=\"https:\/\/digi.varha.fi\/fi\/authentication\" target=\"_blank\" rel=\"noreferrer noopener\">Varha-sovellus<\/a><\/li>\n\n\n\n<li><a href=\"https:\/\/www.omaolo.fi\/\" target=\"_blank\" rel=\"noreferrer noopener\">Omaolo<\/a><\/li>\n\n\n\n<li><a href=\"https:\/\/www.kanta.fi\/omakanta\" target=\"_blank\" rel=\"noreferrer noopener\">Omakanta<\/a><\/li>\n\n\n\n<li><a rel=\"noreferrer noopener\" href=\"https:\/\/sote.easiointi.fi\/fi\/web\/varha-te\" target=\"_blank\">eTerveyspalvelut<\/a><\/li>\n\n\n\n<li><a rel=\"noreferrer noopener\" href=\"https:\/\/palveluohjain.hyvis.fi\/citizen\" target=\"_blank\">Tyksin ajanvarauspalvelu (tiettyjen vastaanottojen aikojen tarkastelu, varaus, siirto ja peruutus)<\/a><\/li>\n\n\n\n<li><a rel=\"noreferrer noopener\" href=\"https:\/\/www.terveyskyla.fi\/\" target=\"_blank\">Terveyskyl\u00e4.fi<\/a><\/li>\n\n\n\n<li><a href=\"https:\/\/hoito-ohjeet.fi\/fi\" target=\"_blank\" rel=\"noreferrer noopener\">Hoito-ohjeet.fi<\/a><\/li>\n\n\n\n<li><a href=\"https:\/\/www.omavointi.fi\/tyks\/ovui\/login\/auth\" target=\"_blank\" rel=\"noreferrer noopener\">Omavointi<\/a><\/li>\n\n\n\n<li><a href=\"https:\/\/app.ipana.fi\/aitiys\/#\/\" target=\"_blank\" rel=\"noreferrer noopener\">Ipana \u00c4itiys -palvelu<\/a><\/li>\n<\/ul>\n<\/div><\/div>\n\n\n\n<h2 class=\"wp-block-heading\">P\u00e4ivystys 24\/7<\/h2>\n\n\n\n<p>P\u00e4ivystyksess\u00e4 hoidamme ymp\u00e4rivuorokautisesti asiakkaita, joiden hoitoa ei voida siirt\u00e4\u00e4 my\u00f6hemm\u00e4ksi ilman oireiden pahenemista tai vamman vaikeutumista.<\/p>\n\n\n\n<p><strong>Ennen l\u00e4ht\u00f6\u00e4 p\u00e4ivystykseen soita p\u00e4ivystysapuun p. <a href=\"tel:116117\">116117<\/a> tai arvioi&nbsp;<a href=\"https:\/\/www.omaolo.fi\/\" target=\"_blank\" rel=\"noreferrer noopener\">Omaolon<\/a>&nbsp;avulla, millaista hoitoa tarvitset.<\/strong>&nbsp;Kuurojen ja huonokuuloisten tekstiviestiasiointi p. 050 592 4740.<\/p>\n\n\n\n<p><a href=\"https:\/\/www.terveyskyla.fi\/paivystystalo\/paivystyshelppi\" target=\"_blank\" rel=\"noreferrer noopener\">P\u00e4ivystyshelppi<\/a>&nbsp;auttaa selvitt\u00e4m\u00e4\u00e4n miten toimia eri tilanteissa.<\/p>\n\n\n\n<h3 class=\"wp-block-heading\">P\u00e4ivystyspisteemme:<\/h3>\n\n\n\n<ul class=\"wp-block-list\">\n<li>Tyks Akuutti, T-sairaala, Savitehtaankatu 1, Turku<br>p. 116117<\/li>\n\n\n\n<li>Lasten ja nuorten p\u00e4ivystys, Tyks Majakkasairaala, 2. krs, Savitehtaankatu 5, Turku<br>p. 02 313 1420<\/li>\n\n\n\n<li>Tyks Loimaan sairaala,&nbsp;Sepp\u00e4l\u00e4nkatu 15\u201317, Loimaa<br>p. 116117<\/li>\n\n\n\n<li>Tyks Salon sairaala,&nbsp;Sairaalantie 9, Salo<br>p. 116117<\/li>\n\n\n\n<li>Tyks Vakka-Suomen sairaala,&nbsp;Terveystie 2, Uusikaupunki<br>p. 116117<\/li>\n<\/ul>\n\n\n\n<div class=\"wp-block-group\"><div class=\"wp-block-group__inner-container is-layout-constrained wp-block-group-is-layout-constrained\">\n<h2 class=\"wp-block-heading\">Sosiaali- ja kriisip\u00e4ivystys<\/h2>\n<\/div><\/div>\n\n\n\n<p>p. 02 262 6003 (avoinna ymp\u00e4ri vuorokauden)<\/p>\n\n\n\n<div class=\"wp-block-group\"><div class=\"wp-block-group__inner-container is-layout-constrained wp-block-group-is-layout-constrained\">\n<h2 class=\"wp-block-heading\">Asiakasmaksut ja -laskutus<\/h2>\n\n\n\n<p>Varhan laskutuksen asiakaspalvelu p. 02 313 1141 (ma\u2013to klo 9\u201311).<\/p>\n<\/div><\/div>\n\n\n\n<div class=\"wp-block-group\"><div class=\"wp-block-group__inner-container is-layout-constrained wp-block-group-is-layout-constrained\">\n<h2 class=\"wp-block-heading\">Varhan kirjaamon yhteystiedot<\/h2>\n\n\n\n<p><strong>Puhelin:<\/strong> 02 313 5913<br><strong>Fax:<\/strong> 02 313 3613<br><strong>K\u00e4yntiosoite: <\/strong>Kiinamyllynkatu 4-8, Tyks U-sairaala (sis\u00e4\u00e4nk\u00e4ynti 3A), B-osa, 4. kerros, 20520 Turku<br><strong>Postiosoite: <\/strong>PL 52, 20521 Turku<br><strong>S\u00e4hk\u00f6posti:<\/strong> <a href=\"mailto:kirjaamo@varha.fi\">kirjaamo@varha.fi<\/a><\/p>\n\n\n\n<p>Kirjaamo on avoinna maanantaista perjantaihin klo 9.00\u201315.00.<\/p>\n<\/div><\/div>\n","protected":false},"excerpt":{"rendered":"<p>T\u00e4m\u00e4 on Varsinais-Suomen hyvinvointialueen (Varha) varasivusto. Ohjaamme liikenteen t\u00e4nne huoltotoimenpiteiden ajaksi, tai kun varsinainen sivustomme ei jostain syyst\u00e4 toimi. Varhan puhelinvaihteet Sote- ja ik\u00e4\u00e4ntyneiden palveluiden toimipisteiden yhteystiedot (suomi.fi) Sote- ja ik\u00e4\u00e4ntyneiden palveluiden toimipisteiden yhteystiedot l\u00f6yd\u00e4t h\u00e4iri\u00f6n aikana Suomi.fi-sivustolta. Ik\u00e4\u00e4ntyneiden palveluiden asiakasohjauspuhelin Asiakas- ja palveluohjaus Soihtu \u2013 sosiaalihuollon neuvonta, ohjaus ja palvelutarpeen arviointi Soihtu-tiimit palvelevat arkisin &hellip; <\/p>\n<p class=\"link-more\"><a href=\"https:\/\/vara.varha.fi\/fi\/\" class=\"more-link\">Jatka lukemista<span class=\"screen-reader-text\"> &#8221;&#8221;<\/span><\/a><\/p>\n","protected":false},"author":7,"featured_media":0,"parent":0,"menu_order":0,"comment_status":"closed","ping_status":"closed","template":"","meta":{"footnotes":""},"class_list":["post-6","page","type-page","status-publish","hentry"],"_links":{"self":[{"href":"https:\/\/vara.varha.fi\/fi\/wp-json\/wp\/v2\/pages\/6","targetHints":{"allow":["GET"]}}],"collection":[{"href":"https:\/\/vara.varha.fi\/fi\/wp-json\/wp\/v2\/pages"}],"about":[{"href":"https:\/\/vara.varha.fi\/fi\/wp-json\/wp\/v2\/types\/page"}],"author":[{"embeddable":true,"href":"https:\/\/vara.varha.fi\/fi\/wp-json\/wp\/v2\/users\/7"}],"replies":[{"embeddable":true,"href":"https:\/\/vara.varha.fi\/fi\/wp-json\/wp\/v2\/comments?post=6"}],"version-history":[{"count":26,"href":"https:\/\/vara.varha.fi\/fi\/wp-json\/wp\/v2\/pages\/6\/revisions"}],"predecessor-version":[{"id":144,"href":"https:\/\/vara.varha.fi\/fi\/wp-json\/wp\/v2\/pages\/6\/revisions\/144"}],"wp:attachment":[{"href":"https:\/\/vara.varha.fi\/fi\/wp-json\/wp\/v2\/media?parent=6"}],"curies":[{"name":"wp","href":"https:\/\/api.w.org\/{rel}","templated":true}]}}