{"id":6,"date":"2023-06-30T08:02:46","date_gmt":"2023-06-30T06:02:46","guid":{"rendered":"https:\/\/asp-varha-vara.azurewebsites.net\/?page_id=6"},"modified":"2025-11-19T13:01:09","modified_gmt":"2025-11-19T11:01:09","slug":"etusivu","status":"publish","type":"page","link":"https:\/\/vara.varha.fi\/sv\/","title":{"rendered":""},"content":{"rendered":"<p><strong>Det h\u00e4r \u00e4r Egentliga Finlands v\u00e4lf\u00e4rdsomr\u00e5des (Varha) reservsida. Vi styr trafiken hit under serviceperioden eller n\u00e4r v\u00e5r webbplats av n\u00e5gon anledning inte fungerar.<\/strong><\/p>\n\n\n\n<div class=\"wp-block-group\"><div class=\"wp-block-group__inner-container is-layout-constrained wp-block-group-is-layout-constrained\">\n<h2 class=\"wp-block-heading\">Varhas telefonv\u00e4xlar<\/h2>\n\n\n\n<ul class=\"wp-block-list\">\n<li>Social- och h\u00e4lsov\u00e5rdstj\u00e4nster (\u00c5bo), tfn 02 266 0000<\/li>\n\n\n\n<li>Social- och h\u00e4lsov\u00e5rdstj\u00e4nster (N\u00e5dendal), tfn 02 436 2611<\/li>\n\n\n\n<li>Social- och h\u00e4lsov\u00e5rdstj\u00e4nster (andra omr\u00e5den), tfn 02 772 3111<\/li>\n\n\n\n<li>\u00c5UCS sjukhustj\u00e4nster, tfn 02 313 0000<\/li>\n\n\n\n<li>R\u00e4ddningsverket, tfn 02 263 3111<\/li>\n<\/ul>\n<\/div><\/div>\n\n\n\n<h2 class=\"wp-block-heading\">Kontaktuppgifter till social- och h\u00e4lsov\u00e5rdstj\u00e4nster samt tj\u00e4nster f\u00f6r \u00e4ldre (suomi.fi)<\/h2>\n\n\n\n<p><a href=\"https:\/\/www.suomi.fi\/organisation\/egentliga-finlands-valfardsomrade\/d9e62e20-676d-4056-806a-6be2edce972d\" target=\"_blank\" rel=\"noreferrer noopener\">N\u00e4r v\u00e5r webbplats \u00e4r nere hittar du kontaktuppgifter till social- och h\u00e4lsov\u00e5rdstj\u00e4nster samt tj\u00e4nster f\u00f6r \u00e4ldre p\u00e5 webbplatsen Suomi.fi<\/a>.<\/p>\n\n\n\n<div class=\"wp-block-group\"><div class=\"wp-block-group__inner-container is-layout-constrained wp-block-group-is-layout-constrained\">\n<h2 class=\"wp-block-heading\">Centraliserad kundhandledningstelefonen f\u00f6r \u00e4ldre<\/h2>\n\n\n\n<ul class=\"wp-block-list\">\n<li>p\u00e5 finska tfn 02 262 6164 (m\u00e5n\u2013fre kl. 9\u201315)<\/li>\n\n\n\n<li>p\u00e5 svenska tfn 02 262 6174 (m\u00e5n\u2013fre kl. 9\u201315)<\/li>\n<\/ul>\n<\/div><\/div>\n\n\n\n<h2 class=\"wp-block-heading\">Kund- och servicehandledningen Fackla (socialr\u00e5dgivning, handledning och bed\u00f6mning av servicebehov)<\/h2>\n\n\n\n<p>Fackla-teamen \u00e4r tillg\u00e4ngliga vardagar kl. 9\u201315.00. N\u00e4r det g\u00e4ller tj\u00e4nster f\u00f6r \u00e4ldre, v\u00e4nligen kontakta den centraliserade kundhandledningen f\u00f6r \u00e4ldre.<\/p>\n\n\n\n<p>tfn 02 313 9494<\/p>\n\n\n\n<h2 class=\"wp-block-heading\">Barnskyddsanm\u00e4lan och orosanm\u00e4lan<\/h2>\n\n\n\n<ul class=\"wp-block-list\">\n<li>Under tj\u00e4nstetid kl. 9\u201315 via Fackla-teamet i ditt omr\u00e5de (nummer ovan)<\/li>\n\n\n\n<li>Utanf\u00f6r tj\u00e4nstetid via social- och krisjouren (numret finns l\u00e4ngst ner p\u00e5 denna sida)<\/li>\n<\/ul>\n\n\n\n<p>I en n\u00f6dsituation ska du kontakta socialjouren utan dr\u00f6jsm\u00e5l, t.ex. om du misst\u00e4nker misshandel av barn, ett barn pl\u00f6tsligt blir utan v\u00e5rdnadshavare eller om v\u00e5rdnadshavaren \u00e4r berusad.<\/p>\n\n\n\n<div class=\"wp-block-group\"><div class=\"wp-block-group__inner-container is-layout-constrained wp-block-group-is-layout-constrained\">\n<h2 class=\"wp-block-heading\">Sk\u00f6t \u00e4renden p\u00e5 n\u00e4tet<\/h2>\n\n\n\n<ul class=\"wp-block-list\">\n<li><a href=\"https:\/\/digi.varha.fi\/sv\/authentication\" data-type=\"link\" data-id=\"https:\/\/digi.varha.fi\/fi\/authentication\" target=\"_blank\" rel=\"noreferrer noopener\">Varha-\u200b\u200bapplikation<\/a><\/li>\n\n\n\n<li><a href=\"https:\/\/www.omaolo.fi\/\" target=\"_blank\" rel=\"noreferrer noopener\">Omaolo<\/a><\/li>\n\n\n\n<li><a href=\"https:\/\/www.kanta.fi\/sv\/mina-kanta-sidor\" target=\"_blank\" rel=\"noreferrer noopener\">MittKanta<\/a><\/li>\n\n\n\n<li><a rel=\"noreferrer noopener\" href=\"https:\/\/sote.easiointi.fi\/fi\/web\/varha-te\" target=\"_blank\">eH\u00e4lsoservice<\/a><\/li>\n\n\n\n<li><a rel=\"noreferrer noopener\" href=\"https:\/\/palveluohjain.hyvis.fi\/citizen\" target=\"_blank\">Tidsbest\u00e4llning till \u00c5UCS (boka, granska, flytta eller avboka tider)<\/a><\/li>\n\n\n\n<li><a rel=\"noreferrer noopener\" href=\"https:\/\/www.terveyskyla.fi\/sv\" target=\"_blank\">H\u00e4lsobyn.fi<\/a><\/li>\n\n\n\n<li><a href=\"https:\/\/hoito-ohjeet.fi\/sv\" target=\"_blank\" rel=\"noreferrer noopener\">Hoito-ohjeet.fi<\/a><\/li>\n\n\n\n<li><a href=\"https:\/\/www.omavointi.fi\/tyks\/ovui\/login\/auth\" target=\"_blank\" rel=\"noreferrer noopener\">Omavointi<\/a><\/li>\n\n\n\n<li><a href=\"https:\/\/app.ipana.fi\/aitiys\/#\/\" target=\"_blank\" rel=\"noreferrer noopener\">Tj\u00e4nsten Ipana Moderskap<\/a><\/li>\n<\/ul>\n<\/div><\/div>\n\n\n\n<h2 class=\"wp-block-heading\">Jour 24\/7<\/h2>\n\n\n\n<p>P\u00e5 jouren tar vi hand om patienter som blivit pl\u00f6tsligt (akut) sjuka eller som utsatts f\u00f6r skada och beh\u00f6ver jourm\u00e4ssig hj\u00e4lp inom ett dygn efter att de insjuknat eller skadat sig.<\/p>\n\n\n\n<p class=\"translation-block\"><strong>Innan du \u00e5ker till jouren, ring v\u00e5r jourhj\u00e4lp: tfn <a href=\"tel:116117\" target=\"_self\">116117<\/a> eller anv\u00e4nd\u00a0<a href=\"https:\/\/www.omaolo.fi\/\" target=\"_blank\" rel=\"noreferrer noopener\">Omaolo-tj\u00e4nsten<\/a> f\u00f6r att bed\u00f6ma ditt v\u00e5rdbehov.<\/strong>\u00a0Texttj\u00e4nst \u00e4r avsedd f\u00f6r personer som inte h\u00f6r eller som inte kan tala: 050 592 4740.<\/p>\n\n\n\n<p class=\"translation-block\"><a href=\"https:\/\/www.terveyskyla.fi\/sv\/jourhuset\/akuthjalpen\" target=\"_blank\" rel=\"noreferrer noopener\">Akuthj\u00e4lpen<\/a>\u00a0 hj\u00e4lper, ger r\u00e5dgivning och handleder i akuta h\u00e4lsoproblem var som helst och n\u00e4r som helst.<\/p>\n\n\n\n<h3 class=\"wp-block-heading\">V\u00e5ra jourmottagningar<\/h3>\n\n\n\n<ul class=\"wp-block-list\">\n<li>\u00c5UCS Akuten , T-sjukhuset, Keramikfabriksgatan 1, \u00c5bo<br>Tfn 116117<\/li>\n\n\n\n<li>Jouren f\u00f6r barn och unga, \u00c5UCS Fyrsjukhuset, 2. v\u00e5ning, Keramikfabriksgatan 5, \u00c5bo<br>Tfn 02 313 1420<\/li>\n\n\n\n<li>\u00c5UCS Loimaa sjukhus, Sepp\u00e4l\u00e4nkatu 15\u201317, Loimaa<br>Tfn 116117<\/li>\n\n\n\n<li>\u00c5UCS Salo sjukhus, Sairaalantie 9, Salo<br>Tfn 116117<\/li>\n\n\n\n<li>\u00c5UCS Vakka-Suomi sjukhus, Terveystie 2, Nystad<br>Tfn 116117<\/li>\n<\/ul>\n\n\n\n<div class=\"wp-block-group\"><div class=\"wp-block-group__inner-container is-layout-constrained wp-block-group-is-layout-constrained\">\n<h2 class=\"wp-block-heading\">Social-\u200b och krisjouren<\/h2>\n<\/div><\/div>\n\n\n\n<p>tel. 02 262 6003 (\u00f6ppet dygnet runt)<\/p>\n\n\n\n<div class=\"wp-block-group\"><div class=\"wp-block-group__inner-container is-layout-constrained wp-block-group-is-layout-constrained\">\n<h2 class=\"wp-block-heading\">Kundavgifter och kundfakturering<\/h2>\n\n\n\n<p>Kundservicen vid kundfaktureringen i Egentliga Finlands v\u00e4lf\u00e4rdsomr\u00e5de \u00e4r \u00f6ppen m\u00e5n\u2013tors kl. 9\u201311, tfn 02 313 1141.<\/p>\n<\/div><\/div>\n\n\n\n<div class=\"wp-block-group\"><div class=\"wp-block-group__inner-container is-layout-constrained wp-block-group-is-layout-constrained\">\n<h2 class=\"wp-block-heading\">Kontaktuppgifter till registratorskontoret f\u00f6r Egentliga Finlands v\u00e4lf\u00e4rdsomr\u00e5de<\/h2>\n\n\n\n<p class=\"translation-block\"><strong>Telefon:<\/strong> 02 313 5913<br><strong>Fax:<\/strong> 02 313 3613<br><strong>Bes\u00f6ksadress: <\/strong>Kinakvarngatan 4-8, \u00c5UCS U-sjukhuset (ing\u00e5ng 3A), B-vingen, v\u00e5ning 4, 20520 \u00c5bo<br><strong>Postadress: <\/strong>PB 52, 20521 \u00c5bo<br><strong>E-post:<\/strong> <a href=\"mailto:kirjaamo@varha.fi\" target=\"_self\">kirjaamo@varha.fi<\/a><\/p>\n\n\n\n<p>\u00d6ppettider: m\u00e5ndag\u2013fredag kl. 9.00\u201315.00<\/p>\n<\/div><\/div>","protected":false},"excerpt":{"rendered":"<p>T\u00e4m\u00e4 on Varsinais-Suomen hyvinvointialueen (Varha) varasivusto. Ohjaamme liikenteen t\u00e4nne huoltotoimenpiteiden ajaksi, tai kun varsinainen sivustomme ei jostain syyst\u00e4 toimi. Varhan puhelinvaihteet Sote- ja ik\u00e4\u00e4ntyneiden palveluiden toimipisteiden yhteystiedot (suomi.fi) Sote- ja ik\u00e4\u00e4ntyneiden palveluiden toimipisteiden yhteystiedot l\u00f6yd\u00e4t h\u00e4iri\u00f6n aikana Suomi.fi-sivustolta. Ik\u00e4\u00e4ntyneiden palveluiden asiakasohjauspuhelin Asiakas- ja palveluohjaus Soihtu \u2013 sosiaalihuollon neuvonta, ohjaus ja palvelutarpeen arviointi Soihtu-tiimit palvelevat arkisin &hellip; <\/p>\n<p class=\"link-more\"><a href=\"https:\/\/vara.varha.fi\/sv\/\" class=\"more-link\">Forts\u00e4tt l\u00e4sa<span class=\"screen-reader-text\"> \u201d\u201d<\/span><\/a><\/p>","protected":false},"author":7,"featured_media":0,"parent":0,"menu_order":0,"comment_status":"closed","ping_status":"closed","template":"","meta":{"footnotes":""},"class_list":["post-6","page","type-page","status-publish","hentry"],"_links":{"self":[{"href":"https:\/\/vara.varha.fi\/sv\/wp-json\/wp\/v2\/pages\/6","targetHints":{"allow":["GET"]}}],"collection":[{"href":"https:\/\/vara.varha.fi\/sv\/wp-json\/wp\/v2\/pages"}],"about":[{"href":"https:\/\/vara.varha.fi\/sv\/wp-json\/wp\/v2\/types\/page"}],"author":[{"embeddable":true,"href":"https:\/\/vara.varha.fi\/sv\/wp-json\/wp\/v2\/users\/7"}],"replies":[{"embeddable":true,"href":"https:\/\/vara.varha.fi\/sv\/wp-json\/wp\/v2\/comments?post=6"}],"version-history":[{"count":26,"href":"https:\/\/vara.varha.fi\/sv\/wp-json\/wp\/v2\/pages\/6\/revisions"}],"predecessor-version":[{"id":144,"href":"https:\/\/vara.varha.fi\/sv\/wp-json\/wp\/v2\/pages\/6\/revisions\/144"}],"wp:attachment":[{"href":"https:\/\/vara.varha.fi\/sv\/wp-json\/wp\/v2\/media?parent=6"}],"curies":[{"name":"wp","href":"https:\/\/api.w.org\/{rel}","templated":true}]}}